{"id":5033,"date":"2023-01-04T14:33:26","date_gmt":"2023-01-04T13:33:26","guid":{"rendered":"http:\/\/snasub-fsu-grenoble.fr\/?page_id=5033"},"modified":"2025-09-30T20:54:28","modified_gmt":"2025-09-30T18:54:28","slug":"vos-representants-syndicaux-elus-au-bureau-academique","status":"publish","type":"page","link":"https:\/\/snasub-fsu-grenoble.fr\/?page_id=5033","title":{"rendered":"Vos repr\u00e9sentants syndicaux"},"content":{"rendered":"\n<div class=\"wp-block-columns is-layout-flex wp-container-core-columns-is-layout-9d6595d7 wp-block-columns-is-layout-flex\">\n<div class=\"wp-block-column is-layout-flow wp-block-column-is-layout-flow\" style=\"flex-basis:100%\">\n<figure class=\"wp-block-table\"><table><tbody><tr><td>CLAPIER Val\u00e9rie<\/td><td><\/td><td>Correspondante 26 et des personnels en EPLE (acad\u00e9mie)<\/td><\/tr><tr><td>DERUELLE Magali<\/td><td><\/td><td>Elue en CSA, FS-SSCT du CSA, CSA R\u00e9gion Acad\u00e9mique<br>Correspondante 38<\/td><\/tr><tr><td>EYRAUD Sandrine<\/td><td><\/td><td>Tr\u00e9sori\u00e8re acad\u00e9mique et adjointe \u00e0 la secr\u00e9taire acad\u00e9mique<br>Elue en FS-SSCT d\u00e9partement 26 et en conseil m\u00e9dical 26, correspondante 26 et des personnels en EPLE (acad\u00e9mie)<\/td><\/tr><tr><td>GUILLAUME Fran\u00e7oise<\/td><td><\/td><td>Correspondante secteur Retrait\u00e9s<\/td><\/tr><tr><td>MARTIN DE CHAMAS St\u00e9phanie<\/td><td><\/td><td>Correspondante 07 et Cat\u00e9gorie A<br>Elue en conseil m\u00e9dical 07<\/td><\/tr><tr><td>MATTMANN Patricia<\/td><td><\/td><td>Secr\u00e9taire acad\u00e9mique<br>Correspondante Sup\u00e9rieur<br>Elue au CSA de l&rsquo;UGA<\/td><\/tr><tr><td>PERTILLE Carine<\/td><td><\/td><td>Correspondante 74, des personnels en services (acad\u00e9mie) et Cat\u00e9gorie C<br>Elue au CSA-SA, en conseil m\u00e9dical 74 et en CAPA cat\u00e9gorie C<\/td><\/tr><\/tbody><\/table><\/figure>\n<\/div>\n<\/div>\n\n\n\n<p>Pour nous contacter, une adresse unique : <a href=\"mailto:snasub.fsu.grenoble@snasub.fr\">snasub.fsu.grenoble@snasub.fr<\/a><\/p>\n","protected":false},"excerpt":{"rendered":"<p>Vos correspondants syndicaux<\/p>\n","protected":false},"author":1,"featured_media":0,"parent":0,"menu_order":0,"comment_status":"closed","ping_status":"closed","template":"","meta":{"footnotes":""},"class_list":["post-5033","page","type-page","status-publish","hentry"],"_links":{"self":[{"href":"https:\/\/snasub-fsu-grenoble.fr\/index.php?rest_route=\/wp\/v2\/pages\/5033","targetHints":{"allow":["GET"]}}],"collection":[{"href":"https:\/\/snasub-fsu-grenoble.fr\/index.php?rest_route=\/wp\/v2\/pages"}],"about":[{"href":"https:\/\/snasub-fsu-grenoble.fr\/index.php?rest_route=\/wp\/v2\/types\/page"}],"author":[{"embeddable":true,"href":"https:\/\/snasub-fsu-grenoble.fr\/index.php?rest_route=\/wp\/v2\/users\/1"}],"replies":[{"embeddable":true,"href":"https:\/\/snasub-fsu-grenoble.fr\/index.php?rest_route=%2Fwp%2Fv2%2Fcomments&post=5033"}],"version-history":[{"count":15,"href":"https:\/\/snasub-fsu-grenoble.fr\/index.php?rest_route=\/wp\/v2\/pages\/5033\/revisions"}],"predecessor-version":[{"id":8554,"href":"https:\/\/snasub-fsu-grenoble.fr\/index.php?rest_route=\/wp\/v2\/pages\/5033\/revisions\/8554"}],"wp:attachment":[{"href":"https:\/\/snasub-fsu-grenoble.fr\/index.php?rest_route=%2Fwp%2Fv2%2Fmedia&parent=5033"}],"curies":[{"name":"wp","href":"https:\/\/api.w.org\/{rel}","templated":true}]}}